{"id":64,"date":"2020-11-24T16:21:46","date_gmt":"2020-11-24T16:21:46","guid":{"rendered":"https:\/\/stinesoegaard.dk\/?page_id=64"},"modified":"2022-10-02T08:31:58","modified_gmt":"2022-10-02T07:31:58","slug":"praktisk","status":"publish","type":"page","link":"https:\/\/stinesoegaard.dk\/?page_id=64","title":{"rendered":"Praktisk"},"content":{"rendered":"\n<p><br>  <\/p>\n\n\n\n<p><\/p>\n\n\n\n<p><strong>KONTAKT<\/strong><br> <strong>Telefon:<\/strong> 50 36 16 06 <br> <strong>Mail:<\/strong> Kontakt@stineoesterskov.dk <br> <strong>Adresse:<\/strong> N\u00f8rrebrogade 8, 1.tv, 2200 K\u00f8benhavn N. Se p\u00e5 <a href=\"https:\/\/goo.gl\/maps\/aWyVuFxqATpE3Dpa9\"><strong>Google Maps<\/strong><\/a>.<\/p>\n\n\n\n<p><strong>CENTRALT I K\u00d8BENHAVN<\/strong><br>Min praksis er en del af klinikf\u00e6llesskabet <a href=\"http:\/\/psykologhuset-broen.dk\/\"><strong>Psykologhuset Broen<\/strong><\/a>. <br> Psykologhuset Broen er placeret ved Dronning Louises Bro ved S\u00f8erne i K\u00f8benhavn. Det er 5 minutters gang fra N\u00f8rreport Metro og S-togstation. <\/p>\n\n\n\n<p><strong>PRISER<\/strong><\/p>\n\n\n\n<figure class=\"wp-block-table\"><table><tbody><tr><td>Individuel samtale (60 min)<\/td><td>1100  kr<\/td><\/tr><tr><td>Studerende (60 min)<\/td><td>885 kr<\/td><\/tr><tr><td>Familiesamtale\/For\u00e6lder-barn samtale (90 min)<\/td><td>1650 kr<\/td><\/tr><tr><td>Supervision, individuelt (60 min)<\/td><td>1200 kr<\/td><\/tr><tr><td>Supervision, 2-5 personer (90 min)<\/td><td>1750 kr<\/td><\/tr><tr><td>Selvv\u00e6rdsgruppe &#8211; per person for 8 sessioner (a 90 min)<\/td><td>3600 kr<\/td><\/tr><\/tbody><\/table><\/figure>\n\n\n\n<p>Hvis du er medlem af Danmark, vil du kunne f\u00e5 tilskud til samtalerne. Har du en sundhedsforsikring, kan du med stor sandsynlighed bruge den. Mange sundhedsforsikringer tillader frit valg af psykolog. Jeg tager desv\u00e6rre ikke imod henvisning fra l\u00e6gen, da jeg ikke har ydernummer.<\/p>\n\n\n\n<p><strong>I TILF\u00c6LDE AF AFBUD<\/strong><br>Afbud skal meldes senest 24 timer f\u00f8r samtalen. Ved afbud senere end 24 timer f\u00f8r samtalen betales fuld pris.<\/p>\n\n\n\n<div class=\"wp-block-cover alignfull has-background-dim has-custom-content-position is-position-bottom-center\" style=\"background-color:#eceff3;min-height:5px\"><div class=\"wp-block-cover__inner-container\">\n<p class=\"has-text-align-left has-responsive-container-background-color-color has-text-color\">Stine \u00d8sterskov S\u00f8gaard, <a href=\"https:\/\/goo.gl\/maps\/aWyVuFxqATpE3Dpa9\">N\u00f8rrebrogade 8, 1.tv., 2200 K\u00f8benhavn N<\/a>. Telefon: +45 5036 1606. Email: kontakt@stineoesterskov.dk.<\/p>\n<\/div><\/div>\n","protected":false},"excerpt":{"rendered":"<p>KONTAKT Telefon: 50 36 16 06 Mail: Kontakt@stineoesterskov.dk Adresse: N\u00f8rrebrogade 8, 1.tv, 2200 K\u00f8benhavn N. Se p\u00e5 Google Maps. CENTRALT I K\u00d8BENHAVNMin praksis er en del af klinikf\u00e6llesskabet Psykologhuset Broen. Psykologhuset Broen er placeret ved Dronning Louises Bro ved S\u00f8erne &hellip;<\/p>\n<p class=\"read-more\"> <a class=\"more-link\" href=\"https:\/\/stinesoegaard.dk\/?page_id=64\"> <span class=\"screen-reader-text\">Praktisk<\/span> Read More &raquo;<\/a><\/p>\n","protected":false},"author":1,"featured_media":0,"parent":25,"menu_order":5,"comment_status":"closed","ping_status":"closed","template":"","meta":[],"_links":{"self":[{"href":"https:\/\/stinesoegaard.dk\/index.php?rest_route=\/wp\/v2\/pages\/64"}],"collection":[{"href":"https:\/\/stinesoegaard.dk\/index.php?rest_route=\/wp\/v2\/pages"}],"about":[{"href":"https:\/\/stinesoegaard.dk\/index.php?rest_route=\/wp\/v2\/types\/page"}],"author":[{"embeddable":true,"href":"https:\/\/stinesoegaard.dk\/index.php?rest_route=\/wp\/v2\/users\/1"}],"replies":[{"embeddable":true,"href":"https:\/\/stinesoegaard.dk\/index.php?rest_route=%2Fwp%2Fv2%2Fcomments&post=64"}],"version-history":[{"count":25,"href":"https:\/\/stinesoegaard.dk\/index.php?rest_route=\/wp\/v2\/pages\/64\/revisions"}],"predecessor-version":[{"id":358,"href":"https:\/\/stinesoegaard.dk\/index.php?rest_route=\/wp\/v2\/pages\/64\/revisions\/358"}],"up":[{"embeddable":true,"href":"https:\/\/stinesoegaard.dk\/index.php?rest_route=\/wp\/v2\/pages\/25"}],"wp:attachment":[{"href":"https:\/\/stinesoegaard.dk\/index.php?rest_route=%2Fwp%2Fv2%2Fmedia&parent=64"}],"curies":[{"name":"wp","href":"https:\/\/api.w.org\/{rel}","templated":true}]}}