{"id":25,"date":"2020-11-04T09:11:57","date_gmt":"2020-11-04T09:11:57","guid":{"rendered":"https:\/\/stinesoegaard.dk\/?page_id=25"},"modified":"2022-10-02T09:07:05","modified_gmt":"2022-10-02T08:07:05","slug":"forside","status":"publish","type":"page","link":"https:\/\/stinesoegaard.dk\/","title":{"rendered":"Forside"},"content":{"rendered":"\n<div class=\"wp-block-cover alignfull has-background-dim is-position-center-center\" style=\"background-image:url(https:\/\/stinesoegaard.dk\/wp-content\/uploads\/2020\/11\/Screenshot-2020-11-24-at-19.37.09.png);background-position:50% 50%;min-height:150px\"><div class=\"wp-block-cover__inner-container\">\n<p class=\"has-text-align-center has-large-font-size\"><\/p>\n<\/div><\/div>\n\n\n\n<hr class=\"wp-block-separator has-text-color has-background is-style-wide\" style=\"background-color:#cccccc;color:#cccccc\"\/>\n\n\n\n<div class=\"wp-block-group alignfull has-button-hover-color-color has-text-color\"><div class=\"wp-block-group__inner-container\">\n<div class=\"wp-block-group alignfull\"><div class=\"wp-block-group__inner-container\">\n<h1 class=\"has-text-align-center\" style=\"font-size:44px\">Stine \u00d8sterskov S\u00f8gaard &#8211; autoriseret psykolog i K\u00f8benhavn<\/h1>\n\n\n\n<div class=\"wp-block-columns alignwide has-button-hover-color-color has-text-color\">\n<div class=\"wp-block-column\" style=\"flex-basis:6.9%\"><\/div>\n\n\n\n<div class=\"wp-block-column is-vertically-aligned-center\" style=\"flex-basis:63.1%\">\n<h5>Jeg tilbyder:<\/h5>\n\n\n\n<ul id=\"block-cfdc1a62-ad4e-42f2-bf17-cd91998594d3\"><li><span class=\"has-inline-color has-responsive-container-background-color-color\">Individuelle samtaler <\/span><\/li><li><span class=\"has-inline-color has-responsive-container-background-color-color\">Familiesamtaler<\/span><\/li><li><span class=\"has-inline-color has-responsive-container-background-color-color\">Supervision<\/span><\/li><li><span class=\"has-inline-color has-responsive-container-background-color-color\">Gruppeforl\u00f8b til unge<\/span><\/li><\/ul>\n\n\n\n<p><\/p>\n\n\n\n<h5>Jeg har mange \u00e5rs erfaring i at arbejde med:<\/h5>\n\n\n\n<ul id=\"block-cfdc1a62-ad4e-42f2-bf17-cd91998594d3\"><li><span class=\"has-inline-color has-responsive-container-background-color-color\">Angst og OCD<\/span><\/li><li><span class=\"has-inline-color has-responsive-container-background-color-color\">Depression<\/span><\/li><li><span class=\"has-inline-color has-responsive-container-background-color-color\">Stress <\/span><\/li><li><span class=\"has-inline-color has-responsive-container-background-color-color\">Spiseforstyrrelser og selvskade<\/span><\/li><li><span class=\"has-inline-color has-responsive-container-background-color-color\">Lavt selvv\u00e6rd og utilstr\u00e6kkelighedsf\u00f8lelse<\/span><\/li><li><span class=\"has-inline-color has-responsive-container-background-color-color\">Ensomhed og sv\u00e6re relationer<\/span><\/li><li><span class=\"has-inline-color has-responsive-container-background-color-color\">P\u00e5r\u00f8rende til mennesker med psykiske lidelser<\/span><\/li><\/ul>\n<\/div>\n\n\n\n<div class=\"wp-block-column is-vertically-aligned-center\" style=\"flex-basis:21.84%\">\n<div class=\"wp-block-image is-style-default\"><figure class=\"alignright size-medium is-resized\"><img loading=\"lazy\" src=\"https:\/\/stinesoegaard.dk\/wp-content\/uploads\/2020\/11\/Screenshot-2020-11-24-at-19.56.01-300x273.png\" alt=\"\" class=\"wp-image-171\" width=\"292\" height=\"265\" srcset=\"https:\/\/stinesoegaard.dk\/wp-content\/uploads\/2020\/11\/Screenshot-2020-11-24-at-19.56.01-300x273.png 300w, https:\/\/stinesoegaard.dk\/wp-content\/uploads\/2020\/11\/Screenshot-2020-11-24-at-19.56.01-1024x931.png 1024w, https:\/\/stinesoegaard.dk\/wp-content\/uploads\/2020\/11\/Screenshot-2020-11-24-at-19.56.01-768x699.png 768w, https:\/\/stinesoegaard.dk\/wp-content\/uploads\/2020\/11\/Screenshot-2020-11-24-at-19.56.01-100x91.png 100w, https:\/\/stinesoegaard.dk\/wp-content\/uploads\/2020\/11\/Screenshot-2020-11-24-at-19.56.01-150x136.png 150w, https:\/\/stinesoegaard.dk\/wp-content\/uploads\/2020\/11\/Screenshot-2020-11-24-at-19.56.01-200x182.png 200w, https:\/\/stinesoegaard.dk\/wp-content\/uploads\/2020\/11\/Screenshot-2020-11-24-at-19.56.01-450x409.png 450w, https:\/\/stinesoegaard.dk\/wp-content\/uploads\/2020\/11\/Screenshot-2020-11-24-at-19.56.01-600x546.png 600w, https:\/\/stinesoegaard.dk\/wp-content\/uploads\/2020\/11\/Screenshot-2020-11-24-at-19.56.01-900x819.png 900w, https:\/\/stinesoegaard.dk\/wp-content\/uploads\/2020\/11\/Screenshot-2020-11-24-at-19.56.01.png 1216w\" sizes=\"(max-width: 292px) 100vw, 292px\" \/><\/figure><\/div>\n<\/div>\n<\/div>\n\n\n\n<p><\/p>\n<\/div><\/div>\n<\/div><\/div>\n\n\n\n<hr class=\"wp-block-separator has-text-color has-background is-style-wide\" style=\"background-color:#cccccc;color:#cccccc\"\/>\n\n\n\n<div style=\"height:20px\" aria-hidden=\"true\" class=\"wp-block-spacer\"><\/div>\n\n\n\n<div class=\"wp-block-cover alignfull has-background-dim has-custom-content-position is-position-bottom-center\" style=\"background-color:#eceff3;min-height:5px\"><div class=\"wp-block-cover__inner-container\">\n<p class=\"has-text-align-left has-responsive-container-background-color-color has-text-color\">Stine \u00d8sterskov S\u00f8gaard, <a href=\"https:\/\/goo.gl\/maps\/aWyVuFxqATpE3Dpa9\">N\u00f8rrebrogade 8, 1.tv., 2200 K\u00f8benhavn N<\/a>. Telefon: +45 5036 1606. Email: kontakt@stineoesterskov.dk.<\/p>\n<\/div><\/div>\n\n\n\n<p><\/p>\n","protected":false},"excerpt":{"rendered":"","protected":false},"author":1,"featured_media":0,"parent":0,"menu_order":0,"comment_status":"closed","ping_status":"closed","template":"gutenberg-fullwidth.php","meta":[],"_links":{"self":[{"href":"https:\/\/stinesoegaard.dk\/index.php?rest_route=\/wp\/v2\/pages\/25"}],"collection":[{"href":"https:\/\/stinesoegaard.dk\/index.php?rest_route=\/wp\/v2\/pages"}],"about":[{"href":"https:\/\/stinesoegaard.dk\/index.php?rest_route=\/wp\/v2\/types\/page"}],"author":[{"embeddable":true,"href":"https:\/\/stinesoegaard.dk\/index.php?rest_route=\/wp\/v2\/users\/1"}],"replies":[{"embeddable":true,"href":"https:\/\/stinesoegaard.dk\/index.php?rest_route=%2Fwp%2Fv2%2Fcomments&post=25"}],"version-history":[{"count":123,"href":"https:\/\/stinesoegaard.dk\/index.php?rest_route=\/wp\/v2\/pages\/25\/revisions"}],"predecessor-version":[{"id":369,"href":"https:\/\/stinesoegaard.dk\/index.php?rest_route=\/wp\/v2\/pages\/25\/revisions\/369"}],"wp:attachment":[{"href":"https:\/\/stinesoegaard.dk\/index.php?rest_route=%2Fwp%2Fv2%2Fmedia&parent=25"}],"curies":[{"name":"wp","href":"https:\/\/api.w.org\/{rel}","templated":true}]}}